{"id":369,"date":"2024-02-17T16:51:45","date_gmt":"2024-02-17T16:51:45","guid":{"rendered":"https:\/\/sgh.com.co\/?page_id=369"},"modified":"2024-04-07T22:39:35","modified_gmt":"2024-04-07T22:39:35","slug":"privacy-policy-2","status":"publish","type":"page","link":"https:\/\/3.sgh.com.co\/indexphp\/privacy-policy-2\/","title":{"rendered":"Condiciones de uso"},"content":{"rendered":"\n<div class=\"guten-element gutenverse-text-editor guten-NnpXPg\"><div class=\"text-content-inner\">\n<h1 class=\"wp-block-heading has-text-color has-link-color wp-elements-beb0e8ac6b3a689b0aab08344038eb38\" style=\"color:#1e73be\">Condiciones de uso<\/h1>\n\n\n\n<p><strong>\u00daltima actualizaci\u00f3n: 05 de septiembre de 2023<\/strong><\/p>\n\n\n\n<p>Estos T\u00e9rminos de uso establecen los t\u00e9rminos y condiciones legales que rigen su uso de sgh.com.co y se aplican al sitio web espec\u00edfico que estaba viendo en sgh.com.co antes de hacer clic en estos T\u00e9rminos de uso. En estos T\u00e9rminos de uso se hace referencia a dicho sitio web individual como&nbsp;<strong>\u201ceste sitio web\u201d<\/strong>.<\/p>\n\n\n\n<p>Podemos revisar estos T\u00e9rminos de uso en cualquier momento a nuestro exclusivo criterio. Los T\u00e9rminos de uso revisados \u200b\u200bse publicar\u00e1n en el enlace T\u00e9rminos de uso (es decir, esta p\u00e1gina web que est\u00e1 viendo actualmente) o en cualquier otro lugar de este sitio web. Los T\u00e9rminos de uso revisados \u200b\u200bentrar\u00e1n en vigencia cuando se publiquen, a menos que indiquemos expl\u00edcitamente lo contrario. Su acceso continuo y uso de este sitio web despu\u00e9s de cualquier cambio en estos T\u00e9rminos de uso constituye su aceptaci\u00f3n de las revisiones. Usted es responsable de estar al tanto de cualquier revisi\u00f3n de nuestros T\u00e9rminos de uso al consultar esta p\u00e1gina web.<\/p>\n\n\n\n<p><strong>Acerca de Seven Group G7<\/strong><\/p>\n\n\n\n<p>Consulte&nbsp;<a href=\"https:\/\/sgh.com.co\/nosotros-1\" target=\"_blank\" rel=\"noreferrer noopener\">https:\/\/sgh.com.co\/nosotros-1<\/a>&nbsp;para obtener m\u00e1s informaci\u00f3n.<\/p>\n\n\n\n<p>Al utilizar este sitio web, usted acepta estar sujeto a estos T\u00e9rminos de uso y su acuerdo se considerar\u00e1 escrito y legalmente ejecutable. Si no est\u00e1 de acuerdo con estos T\u00e9rminos de uso, no podr\u00e1 utilizar este sitio web y deber\u00e1 dejar de usarlo inmediatamente.<\/p>\n\n\n\n<p><strong>Uso del contenido<\/strong><\/p>\n\n\n\n<p><strong>Este sitio web (incluido, entre otros, cualquier contenido u otra parte del mismo) contiene informaci\u00f3n general \u00fanicamente y, al hacer que este sitio web est\u00e9 disponible.<\/strong><\/p>\n\n\n\n<p><strong>Est\u00e1 autorizado a ver, copiar, imprimir y distribuir (pero no modificar) el contenido de este sitio web si (i) el contenido no indica que la copia, impresi\u00f3n o distribuci\u00f3n no est\u00e1 permitida, (ii) su uso es con fines informativos, \u00fanicamente con fines no comerciales, (iii) cualquier copia del contenido que realice incluye el aviso de derechos de autor u otra atribuci\u00f3n asociada con el contenido, y (iv) usted cumple con todas sus obligaciones seg\u00fan estos T\u00e9rminos de uso.<\/strong><\/p>\n\n\n\n<p><strong>Derechos de propiedad intelectual;<\/strong>&nbsp;<strong>No se permiten el uso de nombres o logotipos de Deloitte.<\/strong><\/p>\n\n\n\n<p>Este sitio web y su contenido est\u00e1n protegidos por derechos de autor, marcas comerciales y otras leyes de Colombia y\/o pa\u00edses extranjeros. Nosotros y nuestros licenciantes nos reservamos todos los derechos no otorgados expresamente en estos T\u00e9rminos de uso.<\/p>\n\n\n\n<p>Las referencias a marcas comerciales de otras partes en este sitio web tienen fines de identificaci\u00f3n \u00fanicamente y no indican que dichas partes hayan aprobado este sitio web o cualquiera de sus contenidos. Estos T\u00e9rminos de uso no le otorgan ning\u00fan derecho a utilizar las marcas comerciales de otras partes.<\/p>\n\n\n\n<p><strong>Declaraci\u00f3n de privacidad<\/strong><\/p>\n\n\n\n<p>Revise la <strong>Declaraci\u00f3n de privacidad&nbsp;<\/strong>en<strong>&nbsp;<\/strong><a href=\"https:\/\/sgh.com.co\/politica-de-datos\" target=\"_blank\" rel=\"noreferrer noopener\">https:\/\/sgh.com.co\/politica-de-datos<\/a>&nbsp;para obtener m\u00e1s informaci\u00f3n sobre las formas en que se recopila su informaci\u00f3n personal en relaci\u00f3n con su uso de este sitio web, los prop\u00f3sitos para los cuales se utiliza su informaci\u00f3n personal y c\u00f3mo se comparte.<\/p>\n\n\n\n<p><strong>Terminaci\u00f3n<\/strong><\/p>\n\n\n\n<p>Podemos, a nuestro exclusivo criterio, suspender, restringir o cancelar su empleo de este sitio web en cualquier momento, sin previo aviso, por cualquier motivo, incluso por violaci\u00f3n de estos T\u00e9rminos de uso. No tendremos ninguna responsabilidad de notificar a ning\u00fan tercero, incluidos los proveedores externos de servicios, mercanc\u00edas o informaci\u00f3n, sobre cualquier suspensi\u00f3n, restricci\u00f3n o terminaci\u00f3n de su acceso a este sitio web.<\/p>\n\n\n\n<p><strong>Enlaces<\/strong><\/p>\n\n\n\n<p>Ciertos enlaces en este sitio web pueden conducir a sitios web, recursos o herramientas mantenidos por terceros sobre los cuales no tenemos control, incluidos, entre otros, aquellos mantenidos por aliados y asociados dentro de&nbsp;<strong>Seven Group G7<\/strong>&nbsp;o personal individual de dichas entidades. No asumimos ninguna responsabilidad por el contenido, la precisi\u00f3n o la seguridad de ning\u00fan sitio web vinculado a este sitio web. Cualquier enlace a dichos sitios web, recursos y herramientas no debe interpretarse como una aprobaci\u00f3n de ellos o de su contenido por nuestra parte.<\/p>\n\n\n\n<p><strong>Descargo de responsabilidad y limitaciones de responsabilidad<\/strong><\/p>\n\n\n\n<p><strong>Este sitio web se proporciona tal como est\u00e1 y no hacemos representaciones ni garant\u00edas expresas o impl\u00edcitas al respecto.<\/strong>&nbsp;<strong>En la medida en que lo permita la ley, renunciamos expresamente a todas las garant\u00edas impl\u00edcitas, incluidas, entre otras, las garant\u00edas de comerciabilidad, t\u00edtulo, idoneidad para un prop\u00f3sito particular, no infracci\u00f3n, compatibilidad, seguridad y precisi\u00f3n.<\/strong><\/p>\n\n\n\n<p><strong>No seremos responsables de ning\u00fan da\u00f1o directo, indirecto, especial, incidental, consecuente o punitivo ni de ning\u00fan otro da\u00f1o, ya sea en acci\u00f3n de contrato, estatuto, agravio (incluido, entre otros, negligencia) o de otro modo, relacionado con o que surja del uso de este sitio web, incluso si sab\u00edamos, o deber\u00edamos haber sabido, de la posibilidad de tales da\u00f1os.<\/strong><\/p>\n\n\n\n<p>La exenci\u00f3n de responsabilidad y la limitaci\u00f3n de responsabilidad anteriores se aplican no solo a nosotros, sino tambi\u00e9n a cada una de las dem\u00e1s entidades dentro de la entidad, asociados y a nuestro personal y el de su respectivo personal.<\/p>\n\n\n\n<p>La exenci\u00f3n de responsabilidad y la limitaci\u00f3n de responsabilidad anteriores se aplican en la m\u00e1xima medida permitida por la ley, ya sea en contrato, estatuto, agravio (incluido, entre otros, negligencia) o de otro modo.<\/p>\n\n\n\n<p><strong>T\u00e9rminos adicionales<\/strong><\/p>\n\n\n\n<p>Si alguna parte de estos T\u00e9rminos de uso es inv\u00e1lida o inaplicable en cualquier jurisdicci\u00f3n, entonces (i) en esa jurisdicci\u00f3n ser\u00e1 reconstruida con el m\u00e1ximo efecto permitido por la ley para lograr su intenci\u00f3n lo m\u00e1s cerca posible, y el resto de estos T\u00e9rminos de uso permanecer\u00e1n en pleno vigor y efecto, y (ii) en cualquier otra jurisdicci\u00f3n, todos estos T\u00e9rminos de uso permanecer\u00e1n en pleno vigor y efecto.<\/p>\n\n\n\n<p><\/p>\n<\/div><\/div>\n","protected":false},"excerpt":{"rendered":"","protected":false},"author":1,"featured_media":0,"parent":0,"menu_order":0,"comment_status":"closed","ping_status":"closed","template":"templates\/template-fullwidth-boxed.php","meta":{"footnotes":""},"class_list":["post-369","page","type-page","status-publish","hentry"],"yoast_head":"<!-- This site is optimized with the Yoast SEO plugin v27.4 - https:\/\/yoast.com\/product\/yoast-seo-wordpress\/ -->\n<title>Condiciones de uso - G7<\/title>\n<meta name=\"description\" content=\"Condiciones de uso \u00daltima actualizaci\u00f3n: 05 de septiembre de 2023 Estos T\u00e9rminos de uso establecen los t\u00e9rminos y condiciones legales que rigen su uso de\" \/>\n<meta name=\"robots\" content=\"index, follow, max-snippet:-1, max-image-preview:large, max-video-preview:-1\" \/>\n<link rel=\"canonical\" href=\"https:\/\/3.sgh.com.co\/indexphp\/privacy-policy-2\/\" \/>\n<meta property=\"og:locale\" content=\"es_ES\" \/>\n<meta property=\"og:type\" content=\"article\" \/>\n<meta property=\"og:title\" content=\"Condiciones de uso - G7\" \/>\n<meta property=\"og:description\" content=\"Condiciones de uso \u00daltima actualizaci\u00f3n: 05 de septiembre de 2023 Estos T\u00e9rminos de uso establecen los t\u00e9rminos y condiciones legales que rigen su uso de\" \/>\n<meta property=\"og:url\" content=\"https:\/\/3.sgh.com.co\/indexphp\/privacy-policy-2\/\" \/>\n<meta property=\"og:site_name\" content=\"G7\" \/>\n<meta property=\"article:publisher\" content=\"https:\/\/www.facebook.com\/113153935426498\" \/>\n<meta property=\"article:modified_time\" content=\"2024-04-07T22:39:35+00:00\" \/>\n<meta property=\"og:image\" content=\"https:\/\/3.sgh.com.co\/wp-content\/uploads\/2024\/03\/Captura-de-pantalla-2024-03-08-215511.png\" \/>\n\t<meta property=\"og:image:width\" content=\"393\" \/>\n\t<meta property=\"og:image:height\" content=\"230\" \/>\n\t<meta property=\"og:image:type\" content=\"image\/png\" \/>\n<meta name=\"twitter:card\" content=\"summary_large_image\" \/>\n<meta name=\"twitter:label1\" content=\"Tiempo de lectura\" \/>\n\t<meta name=\"twitter:data1\" content=\"5 minutos\" \/>\n<script type=\"application\/ld+json\" class=\"yoast-schema-graph\">{\"@context\":\"https:\\\/\\\/schema.org\",\"@graph\":[{\"@type\":\"WebPage\",\"@id\":\"https:\\\/\\\/3.sgh.com.co\\\/indexphp\\\/privacy-policy-2\\\/\",\"url\":\"https:\\\/\\\/3.sgh.com.co\\\/indexphp\\\/privacy-policy-2\\\/\",\"name\":\"Condiciones de uso - G7\",\"isPartOf\":{\"@id\":\"https:\\\/\\\/3.sgh.com.co\\\/#website\"},\"datePublished\":\"2024-02-17T16:51:45+00:00\",\"dateModified\":\"2024-04-07T22:39:35+00:00\",\"description\":\"Condiciones de uso \u00daltima actualizaci\u00f3n: 05 de septiembre de 2023 Estos T\u00e9rminos de uso establecen los t\u00e9rminos y condiciones legales que rigen su uso de\",\"breadcrumb\":{\"@id\":\"https:\\\/\\\/3.sgh.com.co\\\/indexphp\\\/privacy-policy-2\\\/#breadcrumb\"},\"inLanguage\":\"es-CO\",\"potentialAction\":[{\"@type\":\"ReadAction\",\"target\":[\"https:\\\/\\\/3.sgh.com.co\\\/indexphp\\\/privacy-policy-2\\\/\"]}]},{\"@type\":\"BreadcrumbList\",\"@id\":\"https:\\\/\\\/3.sgh.com.co\\\/indexphp\\\/privacy-policy-2\\\/#breadcrumb\",\"itemListElement\":[{\"@type\":\"ListItem\",\"position\":1,\"name\":\"Inicio\",\"item\":\"https:\\\/\\\/3.sgh.com.co\\\/\"},{\"@type\":\"ListItem\",\"position\":2,\"name\":\"Condiciones de uso\"}]},{\"@type\":\"WebSite\",\"@id\":\"https:\\\/\\\/3.sgh.com.co\\\/#website\",\"url\":\"https:\\\/\\\/3.sgh.com.co\\\/\",\"name\":\"Seven Group\",\"description\":\"\",\"publisher\":{\"@id\":\"https:\\\/\\\/3.sgh.com.co\\\/#organization\"},\"alternateName\":\"sgh\",\"potentialAction\":[{\"@type\":\"SearchAction\",\"target\":{\"@type\":\"EntryPoint\",\"urlTemplate\":\"https:\\\/\\\/3.sgh.com.co\\\/?s={search_term_string}\"},\"query-input\":{\"@type\":\"PropertyValueSpecification\",\"valueRequired\":true,\"valueName\":\"search_term_string\"}}],\"inLanguage\":\"es-CO\"},{\"@type\":\"Organization\",\"@id\":\"https:\\\/\\\/3.sgh.com.co\\\/#organization\",\"name\":\"Seven Group\",\"alternateName\":\"SGH\",\"url\":\"https:\\\/\\\/3.sgh.com.co\\\/\",\"logo\":{\"@type\":\"ImageObject\",\"inLanguage\":\"es-CO\",\"@id\":\"https:\\\/\\\/3.sgh.com.co\\\/#\\\/schema\\\/logo\\\/image\\\/\",\"url\":\"https:\\\/\\\/sgh.com.co\\\/wp-content\\\/uploads\\\/2024\\\/02\\\/cropped-cropped-Logopequeno-1.png\",\"contentUrl\":\"https:\\\/\\\/sgh.com.co\\\/wp-content\\\/uploads\\\/2024\\\/02\\\/cropped-cropped-Logopequeno-1.png\",\"width\":511,\"height\":511,\"caption\":\"Seven Group\"},\"image\":{\"@id\":\"https:\\\/\\\/3.sgh.com.co\\\/#\\\/schema\\\/logo\\\/image\\\/\"},\"sameAs\":[\"https:\\\/\\\/www.facebook.com\\\/113153935426498\",\"https:\\\/\\\/www.linkedin.com\\\/company\\\/seven-group-g7\\\/mycompany\\\/?viewAsMember=true\",\"https:\\\/\\\/wa.me\\\/573054388503\",\"https:\\\/\\\/www.instagram.com\\\/_7_group\\\/\"]}]}<\/script>\n<!-- \/ Yoast SEO plugin. -->","yoast_head_json":{"title":"Condiciones de uso - G7","description":"Condiciones de uso \u00daltima actualizaci\u00f3n: 05 de septiembre de 2023 Estos T\u00e9rminos de uso establecen los t\u00e9rminos y condiciones legales que rigen su uso de","robots":{"index":"index","follow":"follow","max-snippet":"max-snippet:-1","max-image-preview":"max-image-preview:large","max-video-preview":"max-video-preview:-1"},"canonical":"https:\/\/3.sgh.com.co\/indexphp\/privacy-policy-2\/","og_locale":"es_ES","og_type":"article","og_title":"Condiciones de uso - G7","og_description":"Condiciones de uso \u00daltima actualizaci\u00f3n: 05 de septiembre de 2023 Estos T\u00e9rminos de uso establecen los t\u00e9rminos y condiciones legales que rigen su uso de","og_url":"https:\/\/3.sgh.com.co\/indexphp\/privacy-policy-2\/","og_site_name":"G7","article_publisher":"https:\/\/www.facebook.com\/113153935426498","article_modified_time":"2024-04-07T22:39:35+00:00","og_image":[{"width":393,"height":230,"url":"https:\/\/3.sgh.com.co\/wp-content\/uploads\/2024\/03\/Captura-de-pantalla-2024-03-08-215511.png","type":"image\/png"}],"twitter_card":"summary_large_image","twitter_misc":{"Tiempo de lectura":"5 minutos"},"schema":{"@context":"https:\/\/schema.org","@graph":[{"@type":"WebPage","@id":"https:\/\/3.sgh.com.co\/indexphp\/privacy-policy-2\/","url":"https:\/\/3.sgh.com.co\/indexphp\/privacy-policy-2\/","name":"Condiciones de uso - G7","isPartOf":{"@id":"https:\/\/3.sgh.com.co\/#website"},"datePublished":"2024-02-17T16:51:45+00:00","dateModified":"2024-04-07T22:39:35+00:00","description":"Condiciones de uso \u00daltima actualizaci\u00f3n: 05 de septiembre de 2023 Estos T\u00e9rminos de uso establecen los t\u00e9rminos y condiciones legales que rigen su uso de","breadcrumb":{"@id":"https:\/\/3.sgh.com.co\/indexphp\/privacy-policy-2\/#breadcrumb"},"inLanguage":"es-CO","potentialAction":[{"@type":"ReadAction","target":["https:\/\/3.sgh.com.co\/indexphp\/privacy-policy-2\/"]}]},{"@type":"BreadcrumbList","@id":"https:\/\/3.sgh.com.co\/indexphp\/privacy-policy-2\/#breadcrumb","itemListElement":[{"@type":"ListItem","position":1,"name":"Inicio","item":"https:\/\/3.sgh.com.co\/"},{"@type":"ListItem","position":2,"name":"Condiciones de uso"}]},{"@type":"WebSite","@id":"https:\/\/3.sgh.com.co\/#website","url":"https:\/\/3.sgh.com.co\/","name":"Seven Group","description":"","publisher":{"@id":"https:\/\/3.sgh.com.co\/#organization"},"alternateName":"sgh","potentialAction":[{"@type":"SearchAction","target":{"@type":"EntryPoint","urlTemplate":"https:\/\/3.sgh.com.co\/?s={search_term_string}"},"query-input":{"@type":"PropertyValueSpecification","valueRequired":true,"valueName":"search_term_string"}}],"inLanguage":"es-CO"},{"@type":"Organization","@id":"https:\/\/3.sgh.com.co\/#organization","name":"Seven Group","alternateName":"SGH","url":"https:\/\/3.sgh.com.co\/","logo":{"@type":"ImageObject","inLanguage":"es-CO","@id":"https:\/\/3.sgh.com.co\/#\/schema\/logo\/image\/","url":"https:\/\/sgh.com.co\/wp-content\/uploads\/2024\/02\/cropped-cropped-Logopequeno-1.png","contentUrl":"https:\/\/sgh.com.co\/wp-content\/uploads\/2024\/02\/cropped-cropped-Logopequeno-1.png","width":511,"height":511,"caption":"Seven Group"},"image":{"@id":"https:\/\/3.sgh.com.co\/#\/schema\/logo\/image\/"},"sameAs":["https:\/\/www.facebook.com\/113153935426498","https:\/\/www.linkedin.com\/company\/seven-group-g7\/mycompany\/?viewAsMember=true","https:\/\/wa.me\/573054388503","https:\/\/www.instagram.com\/_7_group\/"]}]}},"_links":{"self":[{"href":"https:\/\/3.sgh.com.co\/index.php\/wp-json\/wp\/v2\/pages\/369","targetHints":{"allow":["GET"]}}],"collection":[{"href":"https:\/\/3.sgh.com.co\/index.php\/wp-json\/wp\/v2\/pages"}],"about":[{"href":"https:\/\/3.sgh.com.co\/index.php\/wp-json\/wp\/v2\/types\/page"}],"author":[{"embeddable":true,"href":"https:\/\/3.sgh.com.co\/index.php\/wp-json\/wp\/v2\/users\/1"}],"replies":[{"embeddable":true,"href":"https:\/\/3.sgh.com.co\/index.php\/wp-json\/wp\/v2\/comments?post=369"}],"version-history":[{"count":7,"href":"https:\/\/3.sgh.com.co\/index.php\/wp-json\/wp\/v2\/pages\/369\/revisions"}],"predecessor-version":[{"id":700,"href":"https:\/\/3.sgh.com.co\/index.php\/wp-json\/wp\/v2\/pages\/369\/revisions\/700"}],"wp:attachment":[{"href":"https:\/\/3.sgh.com.co\/index.php\/wp-json\/wp\/v2\/media?parent=369"}],"curies":[{"name":"wp","href":"https:\/\/api.w.org\/{rel}","templated":true}]}}