{"id":474,"date":"2024-02-19T03:39:28","date_gmt":"2024-02-19T03:39:28","guid":{"rendered":"https:\/\/sgh.com.co\/?page_id=474"},"modified":"2024-04-07T22:28:24","modified_gmt":"2024-04-07T22:28:24","slug":"carrera","status":"publish","type":"page","link":"https:\/\/3.sgh.com.co\/carrera\/","title":{"rendered":"Carrera"},"content":{"rendered":"\n<div class=\"section-wrapper\" data-id=\"DnMfeI\"><section class=\"wp-block-gutenverse-section guten-element guten-section guten-DnMfeI layout-fullwidth align-stretch overflow-auto\"><div class=\"guten-background-overlay\"><\/div><div class=\"guten-shape-divider guten-shape-divider-top\"><\/div><div class=\"guten-shape-divider guten-shape-divider-bottom\"><\/div><div class=\"guten-container guten-column-gap-extended\">\n<div class=\"wp-block-gutenverse-column guten-element guten-column guten-2xQZCo animated guten-element-hide desktop-slideInDown\"><div class=\"guten-background-overlay\"><\/div><div class=\"sticky-wrapper\" data-id=\"2xQZCo\"><div class=\"guten-column-wrapper\">\n<h1 class=\"wp-block-gutenverse-heading guten-element guten-ApR9gc\">\u00bfLISTO PARA SER PARTE DE ALGO M\u00c1S GRANDE?<\/h1>\n\n\n\n<h2 class=\"wp-block-gutenverse-heading guten-element guten-eJWPnH\">\u00a1Siempre estamos buscando talento!<\/h2>\n\n\n\n<div class=\"guten-element gutenverse-text-editor guten-pb7D75\"><div class=\"text-content-inner\">\n<p class=\"has-theme-white-color has-text-color has-link-color has-medium-font-size wp-elements-3f91c72e00221babe8b2bbeb4bbe6824\">Vuelva a consultar aqu\u00ed para conocer nuestros \u00faltimos puestos vacantes.<\/p>\n\n\n\n<p class=\"has-theme-white-color has-text-color has-link-color has-medium-font-size wp-elements-7414a344bb48cebf0d271e4c2f628529\">Si desea obtener m\u00e1s informaci\u00f3n, presente su solicitud a continuaci\u00f3n.<\/p>\n<\/div><\/div>\n<\/div><\/div><\/div>\n\n\n\n<div class=\"wp-block-gutenverse-column guten-element guten-column guten-jq4jNP\"><div class=\"guten-background-overlay\"><\/div><div class=\"sticky-wrapper\" data-id=\"jq4jNP\"><div class=\"guten-column-wrapper\">\n<div class=\"wp-block-gutenverse-image guten-element guten-image guten-uxd6UP animated guten-element-hide mobile-fadeIn\"><a class=\"guten-image-wrapper\"><img loading=\"lazy\" decoding=\"async\" class=\"gutenverse-image-box-filled\" src=\"https:\/\/sgh.com.co\/wp-content\/uploads\/2024\/02\/rsw_767m.webp\" height=\"511\" width=\"767\"\/><\/a><span class=\"guten-caption\"><\/span><\/div>\n<\/div><\/div><\/div>\n<\/div><\/section><\/div>\n\n\n\n<div class=\"guten-element guten-spacer guten-a6TIDK\"><\/div>\n\n\n\n<div class=\"section-wrapper\" data-id=\"I3VpJl\"><section class=\"wp-block-gutenverse-section guten-element guten-section guten-I3VpJl layout-boxed align-stretch\"><div class=\"guten-background-overlay\"><\/div><div class=\"guten-shape-divider guten-shape-divider-top\"><\/div><div class=\"guten-shape-divider guten-shape-divider-bottom\"><\/div><div class=\"guten-container guten-column-gap-default\">\n<div class=\"wp-block-gutenverse-column guten-element guten-column guten-cxOBWI\"><div class=\"guten-background-overlay\"><\/div><div class=\"sticky-wrapper\" data-id=\"cxOBWI\"><div class=\"guten-column-wrapper\">\n<h2 class=\"wp-block-gutenverse-heading guten-element guten-AT3Ubz\">\u00a1Trabaja con nosotros!<\/h2>\n\n\n\n<h3 class=\"wp-block-gutenverse-heading guten-element guten-o61qP7\">\u00danete a nuestro equipo<\/h3>\n\n\n\n<div class=\"guten-element gutenverse-text-editor guten-iMzad6\"><div class=\"text-content-inner\">\n<p>Si te interesa alguno de nuestros cargos vacantes, empieza por<strong> postularte aqu\u00ed<\/strong> y adjunta tu <strong>curriculum vitae<\/strong>.<\/p>\n<\/div><\/div>\n<\/div><\/div><\/div>\n\n\n\n<div class=\"wp-block-gutenverse-column guten-element guten-column guten-S4HpIB\"><div class=\"guten-background-overlay\"><\/div><div class=\"sticky-wrapper\" data-id=\"S4HpIB\"><div class=\"guten-column-wrapper\">\n<div class=\"guten-element guten-advanced-heading guten-aSHFpC\"><div class=\"heading-section outside-line\"><h3 class=\"heading-title\">Post\u00falate <span class=\"heading-focus\">aqu\u00ed<\/span><\/h3><\/div><span class=\"heading-subtitle\"><\/span><div class=\"heading-line bottom\"><\/div><\/div>\n\n\n\n<div class=\"section-wrapper\" data-id=\"7rPgNM\"><section class=\"wp-block-gutenverse-section guten-element guten-section guten-7rPgNM layout-boxed align-stretch\"><div class=\"guten-background-overlay\"><\/div><div class=\"guten-shape-divider guten-shape-divider-top\"><\/div><div class=\"guten-shape-divider guten-shape-divider-bottom\"><\/div><div class=\"guten-container guten-column-gap-default\">\n<div class=\"wp-block-gutenverse-column guten-element guten-column guten-XPcJ5S\"><div class=\"guten-background-overlay\"><\/div><div class=\"sticky-wrapper\" data-id=\"XPcJ5S\"><div class=\"guten-column-wrapper\">\n<div class=\"wp-block-contact-form-7-contact-form-selector\">\n<div class=\"wpcf7 no-js\" id=\"wpcf7-f488-o1\" lang=\"es-CO\" dir=\"ltr\" data-wpcf7-id=\"488\">\n<div class=\"screen-reader-response\"><p role=\"status\" aria-live=\"polite\" aria-atomic=\"true\"><\/p> <ul><\/ul><\/div>\n<form action=\"\/index.php\/wp-json\/wp\/v2\/pages\/474#wpcf7-f488-o1\" method=\"post\" class=\"wpcf7-form init\" aria-label=\"Formulario de contacto\" enctype=\"multipart\/form-data\" novalidate=\"novalidate\" data-status=\"init\">\n<fieldset class=\"hidden-fields-container\"><input type=\"hidden\" name=\"_wpcf7\" value=\"488\" \/><input type=\"hidden\" name=\"_wpcf7_version\" value=\"6.1.5\" \/><input type=\"hidden\" name=\"_wpcf7_locale\" value=\"es_CO\" \/><input type=\"hidden\" name=\"_wpcf7_unit_tag\" value=\"wpcf7-f488-o1\" \/><input type=\"hidden\" name=\"_wpcf7_container_post\" value=\"0\" \/><input type=\"hidden\" name=\"_wpcf7_posted_data_hash\" value=\"\" \/>\n<\/fieldset>\n<div class=\"uacf7-form-wrapper-container uacf7-form-488  \"><label> Nombre\n    <span class=\"wpcf7-form-control-wrap\" data-name=\"your-name\"><input size=\"40\" maxlength=\"400\" class=\"wpcf7-form-control wpcf7-text wpcf7-validates-as-required\" autocomplete=\"name\" aria-required=\"true\" aria-invalid=\"false\" value=\"\" type=\"text\" name=\"your-name\" \/><\/span> <\/label>\n\n<label> Telefono\n    <span class=\"wpcf7-form-control-wrap\" data-name=\"Telefono\"><input size=\"40\" maxlength=\"400\" class=\"wpcf7-form-control wpcf7-tel wpcf7-validates-as-required wpcf7-text wpcf7-validates-as-tel\" aria-required=\"true\" aria-invalid=\"false\" placeholder=\"Telefono\" value=\"\" type=\"tel\" name=\"Telefono\" \/><\/span> <\/label>\n\n<label> Tu correo electr\u00f3nico\n    <span class=\"wpcf7-form-control-wrap\" data-name=\"your-email\"><input size=\"40\" maxlength=\"400\" class=\"wpcf7-form-control wpcf7-email wpcf7-validates-as-required wpcf7-text wpcf7-validates-as-email\" autocomplete=\"email\" aria-required=\"true\" aria-invalid=\"false\" value=\"\" type=\"email\" name=\"your-email\" \/><\/span> <\/label>\n\n<label> Mensaje (opcional)\n    <span class=\"wpcf7-form-control-wrap\" data-name=\"your-message\"><textarea cols=\"40\" rows=\"10\" maxlength=\"2000\" class=\"wpcf7-form-control wpcf7-textarea\" aria-invalid=\"false\" name=\"your-message\"><\/textarea><\/span> <\/label>\n\n<label> Adjuntar curriculum vitae (pdf)\n    <span class=\"wpcf7-form-control-wrap\" data-name=\"file-247\"><input size=\"40\" class=\"wpcf7-form-control wpcf7-file wpcf7-validates-as-required\" accept=\".pdf\" aria-required=\"true\" aria-invalid=\"false\" type=\"file\" name=\"file-247\" \/><\/span> <\/label>\n\n<span class=\"wpcf7-form-control-wrap\" data-name=\"PPCarrera\"><span class=\"wpcf7-form-control wpcf7-acceptance\"><span class=\"wpcf7-list-item\"><label><input type=\"checkbox\" name=\"PPCarrera\" value=\"1\" aria-invalid=\"false\" \/><span class=\"wpcf7-list-item-label\">Al enviar tus detalles, aceptas su uso de acuerdo con nuestra Pol\u00edtica de Privacidad.<\/span><\/label><\/span><\/span><\/span>\n\n<input class=\"wpcf7-form-control wpcf7-submit has-spinner\" type=\"submit\" value=\"Enviar solicitud\" \/><\/div><div class=\"wpcf7-response-output\" aria-hidden=\"true\"><\/div>\n<\/form>\n<\/div>\n<\/div>\n<\/div><\/div><\/div>\n<\/div><\/section><\/div>\n<\/div><\/div><\/div>\n<\/div><\/section><\/div>\n","protected":false},"excerpt":{"rendered":"","protected":false},"author":1,"featured_media":0,"parent":0,"menu_order":0,"comment_status":"closed","ping_status":"closed","template":"templates\/template-fullwidth.php","meta":{"footnotes":""},"class_list":["post-474","page","type-page","status-publish","hentry"],"yoast_head":"<!-- This site is optimized with the Yoast SEO plugin v27.4 - https:\/\/yoast.com\/product\/yoast-seo-wordpress\/ -->\n<title>Carrera - G7<\/title>\n<meta name=\"description\" content=\"\u00bfLISTO PARA SER PARTE DE ALGO M\u00c1S GRANDE? \u00a1Siempre estamos buscando talento! Vuelva a consultar aqu\u00ed para conocer nuestros \u00faltimos puestos vacantes. Si\" \/>\n<meta name=\"robots\" content=\"index, follow, max-snippet:-1, max-image-preview:large, max-video-preview:-1\" \/>\n<link rel=\"canonical\" href=\"https:\/\/3.sgh.com.co\/carrera\/\" \/>\n<meta property=\"og:locale\" content=\"es_ES\" \/>\n<meta property=\"og:type\" content=\"article\" \/>\n<meta property=\"og:title\" content=\"Carrera - G7\" \/>\n<meta property=\"og:description\" content=\"\u00bfLISTO PARA SER PARTE DE ALGO M\u00c1S GRANDE? \u00a1Siempre estamos buscando talento! Vuelva a consultar aqu\u00ed para conocer nuestros \u00faltimos puestos vacantes. Si\" \/>\n<meta property=\"og:url\" content=\"https:\/\/3.sgh.com.co\/carrera\/\" \/>\n<meta property=\"og:site_name\" content=\"G7\" \/>\n<meta property=\"article:publisher\" content=\"https:\/\/www.facebook.com\/113153935426498\" \/>\n<meta property=\"article:modified_time\" content=\"2024-04-07T22:28:24+00:00\" \/>\n<meta property=\"og:image\" content=\"https:\/\/sgh.com.co\/wp-content\/uploads\/2024\/02\/rsw_767m.webp\" \/>\n<meta name=\"twitter:card\" content=\"summary_large_image\" \/>\n<meta name=\"twitter:label1\" content=\"Tiempo de lectura\" \/>\n\t<meta name=\"twitter:data1\" content=\"1 minuto\" \/>\n<script type=\"application\/ld+json\" class=\"yoast-schema-graph\">{\"@context\":\"https:\\\/\\\/schema.org\",\"@graph\":[{\"@type\":\"WebPage\",\"@id\":\"https:\\\/\\\/3.sgh.com.co\\\/carrera\\\/\",\"url\":\"https:\\\/\\\/3.sgh.com.co\\\/carrera\\\/\",\"name\":\"Carrera - G7\",\"isPartOf\":{\"@id\":\"https:\\\/\\\/3.sgh.com.co\\\/#website\"},\"primaryImageOfPage\":{\"@id\":\"https:\\\/\\\/3.sgh.com.co\\\/carrera\\\/#primaryimage\"},\"image\":{\"@id\":\"https:\\\/\\\/3.sgh.com.co\\\/carrera\\\/#primaryimage\"},\"thumbnailUrl\":\"https:\\\/\\\/sgh.com.co\\\/wp-content\\\/uploads\\\/2024\\\/02\\\/rsw_767m.webp\",\"datePublished\":\"2024-02-19T03:39:28+00:00\",\"dateModified\":\"2024-04-07T22:28:24+00:00\",\"description\":\"\u00bfLISTO PARA SER PARTE DE ALGO M\u00c1S GRANDE? \u00a1Siempre estamos buscando talento! Vuelva a consultar aqu\u00ed para conocer nuestros \u00faltimos puestos vacantes. Si\",\"breadcrumb\":{\"@id\":\"https:\\\/\\\/3.sgh.com.co\\\/carrera\\\/#breadcrumb\"},\"inLanguage\":\"es-CO\",\"potentialAction\":[{\"@type\":\"ReadAction\",\"target\":[\"https:\\\/\\\/3.sgh.com.co\\\/carrera\\\/\"]}]},{\"@type\":\"ImageObject\",\"inLanguage\":\"es-CO\",\"@id\":\"https:\\\/\\\/3.sgh.com.co\\\/carrera\\\/#primaryimage\",\"url\":\"https:\\\/\\\/sgh.com.co\\\/wp-content\\\/uploads\\\/2024\\\/02\\\/rsw_767m.webp\",\"contentUrl\":\"https:\\\/\\\/sgh.com.co\\\/wp-content\\\/uploads\\\/2024\\\/02\\\/rsw_767m.webp\"},{\"@type\":\"BreadcrumbList\",\"@id\":\"https:\\\/\\\/3.sgh.com.co\\\/carrera\\\/#breadcrumb\",\"itemListElement\":[{\"@type\":\"ListItem\",\"position\":1,\"name\":\"Inicio\",\"item\":\"https:\\\/\\\/3.sgh.com.co\\\/\"},{\"@type\":\"ListItem\",\"position\":2,\"name\":\"Carrera\"}]},{\"@type\":\"WebSite\",\"@id\":\"https:\\\/\\\/3.sgh.com.co\\\/#website\",\"url\":\"https:\\\/\\\/3.sgh.com.co\\\/\",\"name\":\"Seven Group\",\"description\":\"\",\"publisher\":{\"@id\":\"https:\\\/\\\/3.sgh.com.co\\\/#organization\"},\"alternateName\":\"sgh\",\"potentialAction\":[{\"@type\":\"SearchAction\",\"target\":{\"@type\":\"EntryPoint\",\"urlTemplate\":\"https:\\\/\\\/3.sgh.com.co\\\/?s={search_term_string}\"},\"query-input\":{\"@type\":\"PropertyValueSpecification\",\"valueRequired\":true,\"valueName\":\"search_term_string\"}}],\"inLanguage\":\"es-CO\"},{\"@type\":\"Organization\",\"@id\":\"https:\\\/\\\/3.sgh.com.co\\\/#organization\",\"name\":\"Seven Group\",\"alternateName\":\"SGH\",\"url\":\"https:\\\/\\\/3.sgh.com.co\\\/\",\"logo\":{\"@type\":\"ImageObject\",\"inLanguage\":\"es-CO\",\"@id\":\"https:\\\/\\\/3.sgh.com.co\\\/#\\\/schema\\\/logo\\\/image\\\/\",\"url\":\"https:\\\/\\\/sgh.com.co\\\/wp-content\\\/uploads\\\/2024\\\/02\\\/cropped-cropped-Logopequeno-1.png\",\"contentUrl\":\"https:\\\/\\\/sgh.com.co\\\/wp-content\\\/uploads\\\/2024\\\/02\\\/cropped-cropped-Logopequeno-1.png\",\"width\":511,\"height\":511,\"caption\":\"Seven Group\"},\"image\":{\"@id\":\"https:\\\/\\\/3.sgh.com.co\\\/#\\\/schema\\\/logo\\\/image\\\/\"},\"sameAs\":[\"https:\\\/\\\/www.facebook.com\\\/113153935426498\",\"https:\\\/\\\/www.linkedin.com\\\/company\\\/seven-group-g7\\\/mycompany\\\/?viewAsMember=true\",\"https:\\\/\\\/wa.me\\\/573054388503\",\"https:\\\/\\\/www.instagram.com\\\/_7_group\\\/\"]}]}<\/script>\n<!-- \/ Yoast SEO plugin. -->","yoast_head_json":{"title":"Carrera - G7","description":"\u00bfLISTO PARA SER PARTE DE ALGO M\u00c1S GRANDE? \u00a1Siempre estamos buscando talento! Vuelva a consultar aqu\u00ed para conocer nuestros \u00faltimos puestos vacantes. Si","robots":{"index":"index","follow":"follow","max-snippet":"max-snippet:-1","max-image-preview":"max-image-preview:large","max-video-preview":"max-video-preview:-1"},"canonical":"https:\/\/3.sgh.com.co\/carrera\/","og_locale":"es_ES","og_type":"article","og_title":"Carrera - G7","og_description":"\u00bfLISTO PARA SER PARTE DE ALGO M\u00c1S GRANDE? \u00a1Siempre estamos buscando talento! Vuelva a consultar aqu\u00ed para conocer nuestros \u00faltimos puestos vacantes. Si","og_url":"https:\/\/3.sgh.com.co\/carrera\/","og_site_name":"G7","article_publisher":"https:\/\/www.facebook.com\/113153935426498","article_modified_time":"2024-04-07T22:28:24+00:00","og_image":[{"url":"https:\/\/sgh.com.co\/wp-content\/uploads\/2024\/02\/rsw_767m.webp","type":"","width":"","height":""}],"twitter_card":"summary_large_image","twitter_misc":{"Tiempo de lectura":"1 minuto"},"schema":{"@context":"https:\/\/schema.org","@graph":[{"@type":"WebPage","@id":"https:\/\/3.sgh.com.co\/carrera\/","url":"https:\/\/3.sgh.com.co\/carrera\/","name":"Carrera - G7","isPartOf":{"@id":"https:\/\/3.sgh.com.co\/#website"},"primaryImageOfPage":{"@id":"https:\/\/3.sgh.com.co\/carrera\/#primaryimage"},"image":{"@id":"https:\/\/3.sgh.com.co\/carrera\/#primaryimage"},"thumbnailUrl":"https:\/\/sgh.com.co\/wp-content\/uploads\/2024\/02\/rsw_767m.webp","datePublished":"2024-02-19T03:39:28+00:00","dateModified":"2024-04-07T22:28:24+00:00","description":"\u00bfLISTO PARA SER PARTE DE ALGO M\u00c1S GRANDE? \u00a1Siempre estamos buscando talento! Vuelva a consultar aqu\u00ed para conocer nuestros \u00faltimos puestos vacantes. Si","breadcrumb":{"@id":"https:\/\/3.sgh.com.co\/carrera\/#breadcrumb"},"inLanguage":"es-CO","potentialAction":[{"@type":"ReadAction","target":["https:\/\/3.sgh.com.co\/carrera\/"]}]},{"@type":"ImageObject","inLanguage":"es-CO","@id":"https:\/\/3.sgh.com.co\/carrera\/#primaryimage","url":"https:\/\/sgh.com.co\/wp-content\/uploads\/2024\/02\/rsw_767m.webp","contentUrl":"https:\/\/sgh.com.co\/wp-content\/uploads\/2024\/02\/rsw_767m.webp"},{"@type":"BreadcrumbList","@id":"https:\/\/3.sgh.com.co\/carrera\/#breadcrumb","itemListElement":[{"@type":"ListItem","position":1,"name":"Inicio","item":"https:\/\/3.sgh.com.co\/"},{"@type":"ListItem","position":2,"name":"Carrera"}]},{"@type":"WebSite","@id":"https:\/\/3.sgh.com.co\/#website","url":"https:\/\/3.sgh.com.co\/","name":"Seven Group","description":"","publisher":{"@id":"https:\/\/3.sgh.com.co\/#organization"},"alternateName":"sgh","potentialAction":[{"@type":"SearchAction","target":{"@type":"EntryPoint","urlTemplate":"https:\/\/3.sgh.com.co\/?s={search_term_string}"},"query-input":{"@type":"PropertyValueSpecification","valueRequired":true,"valueName":"search_term_string"}}],"inLanguage":"es-CO"},{"@type":"Organization","@id":"https:\/\/3.sgh.com.co\/#organization","name":"Seven Group","alternateName":"SGH","url":"https:\/\/3.sgh.com.co\/","logo":{"@type":"ImageObject","inLanguage":"es-CO","@id":"https:\/\/3.sgh.com.co\/#\/schema\/logo\/image\/","url":"https:\/\/sgh.com.co\/wp-content\/uploads\/2024\/02\/cropped-cropped-Logopequeno-1.png","contentUrl":"https:\/\/sgh.com.co\/wp-content\/uploads\/2024\/02\/cropped-cropped-Logopequeno-1.png","width":511,"height":511,"caption":"Seven Group"},"image":{"@id":"https:\/\/3.sgh.com.co\/#\/schema\/logo\/image\/"},"sameAs":["https:\/\/www.facebook.com\/113153935426498","https:\/\/www.linkedin.com\/company\/seven-group-g7\/mycompany\/?viewAsMember=true","https:\/\/wa.me\/573054388503","https:\/\/www.instagram.com\/_7_group\/"]}]}},"_links":{"self":[{"href":"https:\/\/3.sgh.com.co\/index.php\/wp-json\/wp\/v2\/pages\/474","targetHints":{"allow":["GET"]}}],"collection":[{"href":"https:\/\/3.sgh.com.co\/index.php\/wp-json\/wp\/v2\/pages"}],"about":[{"href":"https:\/\/3.sgh.com.co\/index.php\/wp-json\/wp\/v2\/types\/page"}],"author":[{"embeddable":true,"href":"https:\/\/3.sgh.com.co\/index.php\/wp-json\/wp\/v2\/users\/1"}],"replies":[{"embeddable":true,"href":"https:\/\/3.sgh.com.co\/index.php\/wp-json\/wp\/v2\/comments?post=474"}],"version-history":[{"count":32,"href":"https:\/\/3.sgh.com.co\/index.php\/wp-json\/wp\/v2\/pages\/474\/revisions"}],"predecessor-version":[{"id":832,"href":"https:\/\/3.sgh.com.co\/index.php\/wp-json\/wp\/v2\/pages\/474\/revisions\/832"}],"wp:attachment":[{"href":"https:\/\/3.sgh.com.co\/index.php\/wp-json\/wp\/v2\/media?parent=474"}],"curies":[{"name":"wp","href":"https:\/\/api.w.org\/{rel}","templated":true}]}}