{"id":566,"date":"2024-02-21T03:57:27","date_gmt":"2024-02-21T03:57:27","guid":{"rendered":"https:\/\/sgh.com.co\/index.php\/wpbc-booking\/"},"modified":"2024-04-13T06:51:55","modified_gmt":"2024-04-13T06:51:55","slug":"wpbc-booking","status":"publish","type":"page","link":"https:\/\/3.sgh.com.co\/wpbc-booking\/","title":{"rendered":"Reun\u00e1monos"},"content":{"rendered":"\n<div class=\"section-wrapper\" data-id=\"N1VOP2\"><section class=\"wp-block-gutenverse-section guten-element guten-section guten-N1VOP2 layout-fullwidth align-stretch\"><div class=\"guten-background-overlay\"><\/div><div class=\"guten-shape-divider guten-shape-divider-top\"><\/div><div class=\"guten-shape-divider guten-shape-divider-bottom\"><\/div><div class=\"guten-container guten-column-gap-default\">\n<div class=\"wp-block-gutenverse-column guten-element guten-column guten-8aKJww\"><div class=\"guten-background-overlay\"><\/div><div class=\"sticky-wrapper\" data-id=\"8aKJww\"><div class=\"guten-column-wrapper\">\n<figure class=\"wp-block-image size-large is-resized\"><img decoding=\"async\" src=\"https:\/\/3.sgh.com.co\/wp-content\/uploads\/2024\/02\/2148911819-1024x683.jpg\" alt=\"\" style=\"aspect-ratio:1;object-fit:cover;width:396px;height:auto\"\/><\/figure>\n<\/div><\/div><\/div>\n\n\n\n<div class=\"wp-block-gutenverse-column guten-element guten-column guten-pKDKOP\"><div class=\"guten-background-overlay\"><\/div><div class=\"sticky-wrapper\" data-id=\"pKDKOP\"><div class=\"guten-column-wrapper\">\n<h2 class=\"wp-block-gutenverse-heading guten-element guten-YIBOKY\">Exploremos soluciones laborales<\/h2>\n\n\n\n<div class=\"guten-element gutenverse-text-editor guten-ve0fO1\"><div class=\"text-content-inner\">\n<p class=\"has-theme-white-color has-text-color has-link-color wp-elements-56008f789f2760e0ac0afb89d16b0baf\">Descubre la seguridad que brinda tener expertos a tu lado. <strong>Reserva ahora y recibe una hora de asesor\u00eda legal o revisor\u00eda fiscal \u00a1totalmente gratis!<\/strong> Enfrenta tus desaf\u00edos con confianza, con nuestro equipo a tu disposici\u00f3n para brindarte la orientaci\u00f3n que necesitas. Aprovecha esta oportunidad para resolver tus inquietudes sin compromiso alguno. Completa los datos para <strong>reservar tu hora gratuita<\/strong> y dar el primer paso hacia la tranquilidad legal y financiera.<\/p>\n<\/div><\/div>\n<\/div><\/div><\/div>\n<\/div><\/section><\/div>\n\n\n\n<div class=\"guten-element guten-spacer guten-Bq5SZ9\"><\/div>\n\n\n\n<div class=\"section-wrapper\" data-id=\"Qe9T7Q\"><section class=\"wp-block-gutenverse-section guten-element guten-section guten-Qe9T7Q animated guten-element-hide desktop-fadeInLeft layout-boxed align-stretch\"><div class=\"guten-background-overlay\"><\/div><div class=\"guten-shape-divider guten-shape-divider-top\"><\/div><div class=\"guten-shape-divider guten-shape-divider-bottom\"><\/div><div class=\"guten-container guten-column-gap-default\">\n<div class=\"wp-block-gutenverse-column guten-element guten-column guten-MHebQV hide-desktop hide-tablet hide-mobile\"><div class=\"guten-background-overlay\"><\/div><div class=\"sticky-wrapper\" data-id=\"MHebQV\"><div class=\"guten-column-wrapper\"> <div id=\"form_id184732591368\"  class=\"wpbc_container wpbc_container_booking_form  wpdevelop \" ><form  id=\"booking_form1\"   class=\"booking_form vertical\" method=\"post\" action=\"\"><div id=\"ajax_respond_insert1\" class=\"ajax_respond_insert\" style=\"display:none;\"><\/div><a name=\"bklnk1\" id=\"bklnk1\"><\/a><div id=\"booking_form_div1\" class=\"booking_form_div\"><div class=\"wpbc_booking_form_structure wpbc_form_right\">\n  <div class=\"wpbc_structure_calendar\">\n    <div class=\"wpbc_calendar_wraper wpbc_change_over_triangle\"><div class=\"bk_calendar_frame wpbc_no_custom_width  months_num_in_row_ cal_month_num_1 wpbc_timeslot_day_bg_as_available\" style=\"\"><div id=\"calendar_booking1\">Calendario est\u00e1 cargando...<\/div><\/div><div style=\"font-size:7px;text-align:left;margin:0 0 10px;text-shadow: none;\">Powered by <a href=\"https:\/\/wpbookingcalendar.com\" target=\"_blank\" title=\"Booking Calendar plugin for WordPress\">Booking Calendar<\/a><\/div><textarea id=\"date_booking1\" name=\"date_booking1\" autocomplete=\"off\" style=\"display:none;\"><\/textarea><div class=\"block_hints datepick \"><div class=\"wpdev_hint_with_text\"><div class=\"block_free datepick-days-cell\"><a>&nbsp;<\/a><\/div><div class=\"block_text\">- <\/div><div class=\"block_text\">Available<\/div><\/div><div class=\"wpdev_hint_with_text\"><div class=\"block_booked date_approved\">&nbsp;<\/div><div class=\"block_text\">- <\/div><div class=\"block_text\">Booked<\/div><\/div><div class=\"wpdev_hint_with_text\"><div class=\"block_pending date2approve\">&nbsp;<\/div><div class=\"block_text\">- <\/div><div class=\"block_text\">Pending<\/div><\/div><\/div><\/div>\n  <\/div>\n  <div class=\"wpbc_structure_form\">\n  <div class=\"form-group wpbc-form-element-text wpbc-form-element-name\">  <label for=\"name1\" class=\"control-label\">Nombre*:<\/label>   <div class=\"controls\">   <input type=\"text\" name=\"name1\" id=\"name1\" class=\"input-xlarge wpdev-validates-as-required\" \/><\/div><\/div>  <div class=\"form-group wpbc-form-element-text wpbc-form-element-secondname\">  <label for=\"secondname1\" class=\"control-label\">Apellido*:<\/label>   <div class=\"controls\">   <input type=\"text\" name=\"secondname1\" id=\"secondname1\" class=\"input-xlarge wpdev-validates-as-required\" \/><\/div><\/div>  <div class=\"form-group wpbc-form-element-email wpbc-form-element-email\">  <label for=\"email1\" class=\"control-label\">Email*:<\/label>   <div class=\"controls\">   <input type=\"text\" name=\"email1\" id=\"email1\" class=\"input-xlarge wpdev-validates-as-email wpdev-validates-as-required wpdev-validates-as-required\" \/><\/div><\/div>  <div class=\"form-group wpbc-form-element-text wpbc-form-element-phone\">  <label for=\"phone1\" class=\"control-label\">Telefono*:<\/label>   <div class=\"controls\">   <input type=\"text\" name=\"phone1\" id=\"phone1\" class=\"input-xlarge wpdev-validates-as-required\" \/><\/div><\/div>  <div class=\"form-group wpbc-form-element-textarea wpbc-form-element-details\">  <label for=\"details1\" class=\"control-label\">Detalles:<\/label>   <div class=\"controls\">   <textarea  rows=\"3\" name=\"details1\" id=\"details1\" class=\"input-xlarge\" ><\/textarea><\/div><\/div>  <div class=\"form-group wpbc-form-element-select wpbc-form-element-servicioacontratar\">  <label for=\"servicioacontratar1\" class=\"control-label\">Servicio a contratar*:<\/label>   <div class=\"controls\">   <select name=\"servicioacontratar1\" id=\"servicioacontratar1\" class=\"input-xlarge wpdev-validates-as-required\" >  <option value=\"Auditor\u00eda y Revisor\u00eda Fiscal\" >Auditor\u00eda y Revisor\u00eda Fiscal<\/option>  <option value=\"Servicios Legales\" >Servicios Legales<\/option>  <option value=\"Consultor\u00eda Tributaria\" >Consultor\u00eda Tributaria<\/option>  <option value=\"Servicios Contables\" >Servicios Contables<\/option>  <option value=\"BPO \u2013 Business Process Outsourcing\" >BPO \u2013 Business Process Outsourcing<\/option>  <option value=\"Finanzas Corporativas\" >Finanzas Corporativas<\/option>  <option value=\"Compliance\" >Compliance<\/option>  <option value=\"Consultor\u00eda en Sostenibilidad Empresarial\" >Consultor\u00eda en Sostenibilidad Empresarial<\/option>  <option value=\"Servicios Aduaneros y Cambiarios\" >Servicios Aduaneros y Cambiarios<\/option>  <option value=\"Ciberseguridad\" >Ciberseguridad<\/option>  <option value=\"Patrimonio\" >Patrimonio<\/option>     <\/select><\/div><\/div>  <div class=\"form-group wpbc-form-element-select wpbc-form-element-rangetime\">  <label for=\"rangetime1\" class=\"control-label\">Horario de atenci\u00f3n*:<\/label>   <div class=\"controls\">   <select name=\"rangetime1\" id=\"rangetime1\" class=\"input-xlarge wpdev-validates-as-required\" >  <option value=\"09:00 - 10:00\" >9:00 AM - 10:00 AM<\/option>  <option value=\"10:00 - 11:00\" >10:00 AM - 11:00 AM<\/option>  <option value=\"11:00 - 12:00\" >11:00 AM - 12:00 PM<\/option>  <option value=\"12:00 - 13:00\" >12:00 PM - 1:00 PM<\/option>  <option value=\"13:00 - 14:00\" >1:00 PM - 2:00 PM<\/option>  <option value=\"14:00 - 15:00\" >2:00 PM - 3:00 PM<\/option>  <option value=\"15:00 - 16:00\" >3:00 PM - 4:00 PM<\/option>  <option value=\"16:00 - 17:00\" >4:00 PM - 5:00 PM<\/option>     <\/select><\/div><\/div><div class=\"form-group\"><span class=\"wpbc_text_captcha_container\"><input  autocomplete=\"off\" type=\"hidden\" name=\"wpdev_captcha_challenge_1\"  id=\"wpdev_captcha_challenge_1\" value=\"1960295997\" \/><input  autocomplete=\"off\" type=\"text\" class=\"captachinput\" value=\"\" name=\"captcha_input1\" id=\"captcha_input1\" \/><img decoding=\"async\" class=\"captcha_img\"  id=\"captcha_img1\" alt=\"captcha\" src=\"https:\/\/3.sgh.com.co\/wp-content\/plugins\/booking\/js\/captcha\/tmp\/1960295997.png\" \/><\/span><\/div>\n<div class=\"form-group\"><button class=\"wpbc_button_light\" type=\"button\" onclick=\"mybooking_submit(this.form,1,'es_CO');\" >Hacer reserva<\/button><\/div>\n  <\/div>\n<\/div>\n<div class=\"wpbc_booking_form_footer\"><\/div><input id=\"bk_type1\" name=\"bk_type1\" class=\"\" type=\"hidden\" value=\"1\" \/><\/div><div id=\"submiting1\"><\/div><div class=\"form_bk_messages\" id=\"form_bk_messages1\" ><\/div><input type=\"hidden\" id=\"wpbc_nonceCALCULATE_THE_COST1\" name=\"wpbc_nonceCALCULATE_THE_COST1\" value=\"c23cd35bad\" \/><input type=\"hidden\" name=\"_wp_http_referer\" value=\"\/index.php\/wp-json\/wp\/v2\/pages\/566\" \/><\/form><\/div><div id=\"booking_form_garbage1\" class=\"booking_form_garbage\"><\/div><script type=\"text\/javascript\">\n                                jQuery(document).ready( function(){\n                                    jQuery(\".widget_wpdev_booking .booking_form.form-horizontal\").removeClass(\"form-horizontal\");\n                                    var visible_booking_id_on_page_num = visible_booking_id_on_page.length;\n                                    if (visible_booking_id_on_page_num !== null ) {\n                                        for (var i=0;i< visible_booking_id_on_page_num ;i++){\n                                          if ( visible_booking_id_on_page[i]==\"booking_form_div1\" ) {\n                                              document.getElementById(\"form_id184732591368\").innerHTML = \"<span style='color:#A00;font-size:10px;'>Warning! Calendario de reservas para esta reserva de recursos ya est\u00e1n en la p\u00e1gina, por favor, consulte m\u00e1s sobre este tema en this p\u00e1gina de: https:\/\/wpbookingcalendar.com\/faq\/why-the-booking-calendar-widget-not-show-on-page\/<\/span>\";                                                                                                  \n                                              jQuery(\"#form_id184732591368\").animate( {opacity: 1}, 10000 ).fadeOut(5000);\n                                              return;\n                                          }\n                                        }\n                                        visible_booking_id_on_page[ visible_booking_id_on_page_num ]=\"booking_form_div1\";\n                                    }\n                                });\n                            <\/script> <script type='text\/javascript'> jQuery(document).ready( function(){  _wpbc.balancer__set_max_threads( 2 );  _wpbc.calendar__set_param_value( 1 , 'calendar_scroll_to' , false );  _wpbc.calendar__set_param_value( 1 , 'booking_max_monthes_in_calendar' , '1y' );  _wpbc.calendar__set_param_value( 1 , 'booking_start_day_weeek' , '0' );  _wpbc.calendar__set_param_value( 1 , 'calendar_number_of_months' , '1' );   _wpbc.calendar__set_param_value( 1, 'days_select_mode', 'single' );   _wpbc.calendar__set_param_value( 1, 'fixed__days_num', 0 );   _wpbc.calendar__set_param_value( 1, 'fixed__week_days__start',   [] );   _wpbc.calendar__set_param_value( 1, 'dynamic__days_min', 0 );   _wpbc.calendar__set_param_value( 1, 'dynamic__days_max', 0 );   _wpbc.calendar__set_param_value( 1, 'dynamic__days_specific',    [] );   _wpbc.calendar__set_param_value( 1, 'dynamic__week_days__start', [] );   _wpbc.calendar__set_param_value( 1, 'booking_date_format', 'F j, Y' );   _wpbc.calendar__set_param_value( 1, 'booking_time_format', 'g:i a' );  _wpbc.set_other_param( 'message_dates_times_unavailable', 'Estas fechas y horas en este calendario ya est\u00e1n reservadas o no est\u00e1 disponible.' );  _wpbc.set_other_param( 'message_choose_alternative_dates', 'Por favor, elija la alternativa fecha(s), veces, o ajustar el n\u00famero de plazas reservadas.' );  _wpbc.set_other_param( 'message_cannot_save_in_one_resource', 'No es posible almacenar esta secuencia de las fechas en el mismo recurso.' );   if ( 'function' === typeof ( wpbc__conditions__SAVE_INITIAL__days_selection_params__bm ) ){ wpbc__conditions__SAVE_INITIAL__days_selection_params__bm( 1 ); }   wpbc_calendar_show( '1' );   _wpbc.set_secure_param( 'nonce',   '93d89f884f' );   _wpbc.set_secure_param( 'user_id', '0' );   _wpbc.set_secure_param( 'locale',  'es_CO' );  wpbc_calendar__load_data__ajx( {\"resource_id\":1,\"booking_hash\":\"\",\"request_uri\":\"\\\/index.php\\\/wp-json\\\/wp\\\/v2\\\/pages\\\/566\",\"custom_form\":\"standard\",\"aggregate_resource_id_str\":\"\",\"aggregate_type\":\"all\"} );  } ); <\/script>\n<\/div><\/div><\/div>\n<\/div><\/section><\/div>\n\n\n\n<div class=\"section-wrapper\" data-id=\"6dnG3P\"><section class=\"wp-block-gutenverse-section guten-element guten-section guten-6dnG3P layout-boxed align-stretch\"><div class=\"guten-background-overlay\"><\/div><div class=\"guten-shape-divider guten-shape-divider-top\"><\/div><div class=\"guten-shape-divider guten-shape-divider-bottom\"><\/div><div class=\"guten-container guten-column-gap-default\">\n<div class=\"wp-block-gutenverse-column guten-element guten-column guten-Bb90gQ\"><div class=\"guten-background-overlay\"><\/div><div class=\"sticky-wrapper\" data-id=\"Bb90gQ\"><div class=\"guten-column-wrapper\"><iframe src=\"https:\/\/3.sgh.com.co\/wp-json\/ssa\/v1\/embed-inner?integration&#038;type&#038;label&#038;types&#038;edit&#038;view&#038;payment_provider&#038;ssa_locale=es_CO&#038;sid=18a246d1c5798e15ad0f93513a999add7f270497&#038;availability_start_date&#038;availability_end_date&#038;suggest_first_available&#038;suggest_first_available_within_minutes&#038;flow&#038;fallback_flow&#038;time_view&#038;date_view&#038;appointment_types_view&#038;version&#038;accent_color&#038;background&#038;padding&#038;font&#038;booking_url=https%3A%2F%2F3.sgh.com.co%2Fwpbc-booking%2F&#038;booking_post_id=566&#038;booking_title=Reun%C3%A1monos&#038;_wpnonce=5643308fb2&#038;redirect_post_id#\/\" height=\"400px\" width=\"100%\" name=\"ssa_booking\" loading=\"eager\" frameborder=\"0\" data-skip-lazy=\"1\" class=\"ssa_booking_iframe skip-lazy\" title=\"Reservar un tiempo\"><\/iframe><\/div><\/div><\/div>\n<\/div><\/section><\/div>\n","protected":false},"excerpt":{"rendered":"","protected":false},"author":1,"featured_media":0,"parent":0,"menu_order":0,"comment_status":"closed","ping_status":"closed","template":"templates\/template-fullwidth.php","meta":{"footnotes":""},"class_list":["post-566","page","type-page","status-publish","hentry"],"yoast_head":"<!-- This site is optimized with the Yoast SEO plugin v27.4 - https:\/\/yoast.com\/product\/yoast-seo-wordpress\/ -->\n<title>Reun\u00e1monos - G7<\/title>\n<meta name=\"description\" content=\"Exploremos soluciones laborales Descubre la seguridad que brinda tener expertos a tu lado. Reserva ahora y recibe una hora de asesor\u00eda legal o revisor\u00eda\" \/>\n<meta name=\"robots\" content=\"index, follow, max-snippet:-1, max-image-preview:large, max-video-preview:-1\" \/>\n<link rel=\"canonical\" href=\"https:\/\/3.sgh.com.co\/wpbc-booking\/\" \/>\n<meta property=\"og:locale\" content=\"es_ES\" \/>\n<meta property=\"og:type\" content=\"article\" \/>\n<meta property=\"og:title\" content=\"Reun\u00e1monos - G7\" \/>\n<meta property=\"og:description\" content=\"Exploremos soluciones laborales Descubre la seguridad que brinda tener expertos a tu lado. Reserva ahora y recibe una hora de asesor\u00eda legal o revisor\u00eda\" \/>\n<meta property=\"og:url\" content=\"https:\/\/3.sgh.com.co\/wpbc-booking\/\" \/>\n<meta property=\"og:site_name\" content=\"G7\" \/>\n<meta property=\"article:publisher\" content=\"https:\/\/www.facebook.com\/113153935426498\" \/>\n<meta property=\"article:modified_time\" content=\"2024-04-13T06:51:55+00:00\" \/>\n<meta property=\"og:image\" content=\"https:\/\/3.sgh.com.co\/wp-content\/uploads\/2024\/02\/2148911819-1024x683.jpg\" \/>\n<meta name=\"twitter:card\" content=\"summary_large_image\" \/>\n<meta name=\"twitter:label1\" content=\"Tiempo de lectura\" \/>\n\t<meta name=\"twitter:data1\" content=\"1 minuto\" \/>\n<script type=\"application\/ld+json\" class=\"yoast-schema-graph\">{\"@context\":\"https:\\\/\\\/schema.org\",\"@graph\":[{\"@type\":\"WebPage\",\"@id\":\"https:\\\/\\\/3.sgh.com.co\\\/wpbc-booking\\\/\",\"url\":\"https:\\\/\\\/3.sgh.com.co\\\/wpbc-booking\\\/\",\"name\":\"Reun\u00e1monos - G7\",\"isPartOf\":{\"@id\":\"https:\\\/\\\/3.sgh.com.co\\\/#website\"},\"primaryImageOfPage\":{\"@id\":\"https:\\\/\\\/3.sgh.com.co\\\/wpbc-booking\\\/#primaryimage\"},\"image\":{\"@id\":\"https:\\\/\\\/3.sgh.com.co\\\/wpbc-booking\\\/#primaryimage\"},\"thumbnailUrl\":\"https:\\\/\\\/3.sgh.com.co\\\/wp-content\\\/uploads\\\/2024\\\/02\\\/2148911819-1024x683.jpg\",\"datePublished\":\"2024-02-21T03:57:27+00:00\",\"dateModified\":\"2024-04-13T06:51:55+00:00\",\"description\":\"Exploremos soluciones laborales Descubre la seguridad que brinda tener expertos a tu lado. Reserva ahora y recibe una hora de asesor\u00eda legal o revisor\u00eda\",\"breadcrumb\":{\"@id\":\"https:\\\/\\\/3.sgh.com.co\\\/wpbc-booking\\\/#breadcrumb\"},\"inLanguage\":\"es-CO\",\"potentialAction\":[{\"@type\":\"ReadAction\",\"target\":[\"https:\\\/\\\/3.sgh.com.co\\\/wpbc-booking\\\/\"]}]},{\"@type\":\"ImageObject\",\"inLanguage\":\"es-CO\",\"@id\":\"https:\\\/\\\/3.sgh.com.co\\\/wpbc-booking\\\/#primaryimage\",\"url\":\"https:\\\/\\\/3.sgh.com.co\\\/wp-content\\\/uploads\\\/2024\\\/02\\\/2148911819.jpg\",\"contentUrl\":\"https:\\\/\\\/3.sgh.com.co\\\/wp-content\\\/uploads\\\/2024\\\/02\\\/2148911819.jpg\",\"width\":1500,\"height\":1001},{\"@type\":\"BreadcrumbList\",\"@id\":\"https:\\\/\\\/3.sgh.com.co\\\/wpbc-booking\\\/#breadcrumb\",\"itemListElement\":[{\"@type\":\"ListItem\",\"position\":1,\"name\":\"Inicio\",\"item\":\"https:\\\/\\\/3.sgh.com.co\\\/\"},{\"@type\":\"ListItem\",\"position\":2,\"name\":\"Reun\u00e1monos\"}]},{\"@type\":\"WebSite\",\"@id\":\"https:\\\/\\\/3.sgh.com.co\\\/#website\",\"url\":\"https:\\\/\\\/3.sgh.com.co\\\/\",\"name\":\"Seven Group\",\"description\":\"\",\"publisher\":{\"@id\":\"https:\\\/\\\/3.sgh.com.co\\\/#organization\"},\"alternateName\":\"sgh\",\"potentialAction\":[{\"@type\":\"SearchAction\",\"target\":{\"@type\":\"EntryPoint\",\"urlTemplate\":\"https:\\\/\\\/3.sgh.com.co\\\/?s={search_term_string}\"},\"query-input\":{\"@type\":\"PropertyValueSpecification\",\"valueRequired\":true,\"valueName\":\"search_term_string\"}}],\"inLanguage\":\"es-CO\"},{\"@type\":\"Organization\",\"@id\":\"https:\\\/\\\/3.sgh.com.co\\\/#organization\",\"name\":\"Seven Group\",\"alternateName\":\"SGH\",\"url\":\"https:\\\/\\\/3.sgh.com.co\\\/\",\"logo\":{\"@type\":\"ImageObject\",\"inLanguage\":\"es-CO\",\"@id\":\"https:\\\/\\\/3.sgh.com.co\\\/#\\\/schema\\\/logo\\\/image\\\/\",\"url\":\"https:\\\/\\\/sgh.com.co\\\/wp-content\\\/uploads\\\/2024\\\/02\\\/cropped-cropped-Logopequeno-1.png\",\"contentUrl\":\"https:\\\/\\\/sgh.com.co\\\/wp-content\\\/uploads\\\/2024\\\/02\\\/cropped-cropped-Logopequeno-1.png\",\"width\":511,\"height\":511,\"caption\":\"Seven Group\"},\"image\":{\"@id\":\"https:\\\/\\\/3.sgh.com.co\\\/#\\\/schema\\\/logo\\\/image\\\/\"},\"sameAs\":[\"https:\\\/\\\/www.facebook.com\\\/113153935426498\",\"https:\\\/\\\/www.linkedin.com\\\/company\\\/seven-group-g7\\\/mycompany\\\/?viewAsMember=true\",\"https:\\\/\\\/wa.me\\\/573054388503\",\"https:\\\/\\\/www.instagram.com\\\/_7_group\\\/\"]}]}<\/script>\n<!-- \/ Yoast SEO plugin. -->","yoast_head_json":{"title":"Reun\u00e1monos - G7","description":"Exploremos soluciones laborales Descubre la seguridad que brinda tener expertos a tu lado. Reserva ahora y recibe una hora de asesor\u00eda legal o revisor\u00eda","robots":{"index":"index","follow":"follow","max-snippet":"max-snippet:-1","max-image-preview":"max-image-preview:large","max-video-preview":"max-video-preview:-1"},"canonical":"https:\/\/3.sgh.com.co\/wpbc-booking\/","og_locale":"es_ES","og_type":"article","og_title":"Reun\u00e1monos - G7","og_description":"Exploremos soluciones laborales Descubre la seguridad que brinda tener expertos a tu lado. Reserva ahora y recibe una hora de asesor\u00eda legal o revisor\u00eda","og_url":"https:\/\/3.sgh.com.co\/wpbc-booking\/","og_site_name":"G7","article_publisher":"https:\/\/www.facebook.com\/113153935426498","article_modified_time":"2024-04-13T06:51:55+00:00","og_image":[{"url":"https:\/\/3.sgh.com.co\/wp-content\/uploads\/2024\/02\/2148911819-1024x683.jpg","type":"","width":"","height":""}],"twitter_card":"summary_large_image","twitter_misc":{"Tiempo de lectura":"1 minuto"},"schema":{"@context":"https:\/\/schema.org","@graph":[{"@type":"WebPage","@id":"https:\/\/3.sgh.com.co\/wpbc-booking\/","url":"https:\/\/3.sgh.com.co\/wpbc-booking\/","name":"Reun\u00e1monos - G7","isPartOf":{"@id":"https:\/\/3.sgh.com.co\/#website"},"primaryImageOfPage":{"@id":"https:\/\/3.sgh.com.co\/wpbc-booking\/#primaryimage"},"image":{"@id":"https:\/\/3.sgh.com.co\/wpbc-booking\/#primaryimage"},"thumbnailUrl":"https:\/\/3.sgh.com.co\/wp-content\/uploads\/2024\/02\/2148911819-1024x683.jpg","datePublished":"2024-02-21T03:57:27+00:00","dateModified":"2024-04-13T06:51:55+00:00","description":"Exploremos soluciones laborales Descubre la seguridad que brinda tener expertos a tu lado. Reserva ahora y recibe una hora de asesor\u00eda legal o revisor\u00eda","breadcrumb":{"@id":"https:\/\/3.sgh.com.co\/wpbc-booking\/#breadcrumb"},"inLanguage":"es-CO","potentialAction":[{"@type":"ReadAction","target":["https:\/\/3.sgh.com.co\/wpbc-booking\/"]}]},{"@type":"ImageObject","inLanguage":"es-CO","@id":"https:\/\/3.sgh.com.co\/wpbc-booking\/#primaryimage","url":"https:\/\/3.sgh.com.co\/wp-content\/uploads\/2024\/02\/2148911819.jpg","contentUrl":"https:\/\/3.sgh.com.co\/wp-content\/uploads\/2024\/02\/2148911819.jpg","width":1500,"height":1001},{"@type":"BreadcrumbList","@id":"https:\/\/3.sgh.com.co\/wpbc-booking\/#breadcrumb","itemListElement":[{"@type":"ListItem","position":1,"name":"Inicio","item":"https:\/\/3.sgh.com.co\/"},{"@type":"ListItem","position":2,"name":"Reun\u00e1monos"}]},{"@type":"WebSite","@id":"https:\/\/3.sgh.com.co\/#website","url":"https:\/\/3.sgh.com.co\/","name":"Seven Group","description":"","publisher":{"@id":"https:\/\/3.sgh.com.co\/#organization"},"alternateName":"sgh","potentialAction":[{"@type":"SearchAction","target":{"@type":"EntryPoint","urlTemplate":"https:\/\/3.sgh.com.co\/?s={search_term_string}"},"query-input":{"@type":"PropertyValueSpecification","valueRequired":true,"valueName":"search_term_string"}}],"inLanguage":"es-CO"},{"@type":"Organization","@id":"https:\/\/3.sgh.com.co\/#organization","name":"Seven Group","alternateName":"SGH","url":"https:\/\/3.sgh.com.co\/","logo":{"@type":"ImageObject","inLanguage":"es-CO","@id":"https:\/\/3.sgh.com.co\/#\/schema\/logo\/image\/","url":"https:\/\/sgh.com.co\/wp-content\/uploads\/2024\/02\/cropped-cropped-Logopequeno-1.png","contentUrl":"https:\/\/sgh.com.co\/wp-content\/uploads\/2024\/02\/cropped-cropped-Logopequeno-1.png","width":511,"height":511,"caption":"Seven Group"},"image":{"@id":"https:\/\/3.sgh.com.co\/#\/schema\/logo\/image\/"},"sameAs":["https:\/\/www.facebook.com\/113153935426498","https:\/\/www.linkedin.com\/company\/seven-group-g7\/mycompany\/?viewAsMember=true","https:\/\/wa.me\/573054388503","https:\/\/www.instagram.com\/_7_group\/"]}]}},"_links":{"self":[{"href":"https:\/\/3.sgh.com.co\/index.php\/wp-json\/wp\/v2\/pages\/566","targetHints":{"allow":["GET"]}}],"collection":[{"href":"https:\/\/3.sgh.com.co\/index.php\/wp-json\/wp\/v2\/pages"}],"about":[{"href":"https:\/\/3.sgh.com.co\/index.php\/wp-json\/wp\/v2\/types\/page"}],"author":[{"embeddable":true,"href":"https:\/\/3.sgh.com.co\/index.php\/wp-json\/wp\/v2\/users\/1"}],"replies":[{"embeddable":true,"href":"https:\/\/3.sgh.com.co\/index.php\/wp-json\/wp\/v2\/comments?post=566"}],"version-history":[{"count":31,"href":"https:\/\/3.sgh.com.co\/index.php\/wp-json\/wp\/v2\/pages\/566\/revisions"}],"predecessor-version":[{"id":1095,"href":"https:\/\/3.sgh.com.co\/index.php\/wp-json\/wp\/v2\/pages\/566\/revisions\/1095"}],"wp:attachment":[{"href":"https:\/\/3.sgh.com.co\/index.php\/wp-json\/wp\/v2\/media?parent=566"}],"curies":[{"name":"wp","href":"https:\/\/api.w.org\/{rel}","templated":true}]}}